{"id":317,"date":"2026-04-23T14:54:36","date_gmt":"2026-04-23T12:54:36","guid":{"rendered":"https:\/\/www.domowefotostudio.pl\/index.php\/gallery\/"},"modified":"2026-04-23T18:18:34","modified_gmt":"2026-04-23T16:18:34","slug":"gallery","status":"publish","type":"page","link":"https:\/\/www.domowefotostudio.pl\/index.php\/gallery\/","title":{"rendered":"Gallery"},"content":{"rendered":"\t\t<div data-elementor-type=\"wp-page\" data-elementor-id=\"317\" class=\"elementor elementor-317\" data-elementor-post-type=\"page\">\n\t\t\t\t<div class=\"elementor-element elementor-element-23c3a606 e-flex e-con-boxed e-con e-parent\" data-id=\"23c3a606\" data-element_type=\"container\" data-e-type=\"container\" data-settings=\"{&quot;background_background&quot;:&quot;classic&quot;}\">\n\t\t\t\t\t<div class=\"e-con-inner\">\n\t\t<div class=\"elementor-element elementor-element-539d8426 e-con-full e-flex elementor-invisible e-con e-child\" data-id=\"539d8426\" data-element_type=\"container\" data-e-type=\"container\" data-settings=\"{&quot;background_background&quot;:&quot;classic&quot;,&quot;position&quot;:&quot;absolute&quot;,&quot;animation&quot;:&quot;fadeInLeft&quot;}\">\n\t\t\t\t<\/div>\n\t\t<div class=\"elementor-element elementor-element-411e9c86 e-con-full e-flex e-con e-child\" data-id=\"411e9c86\" data-element_type=\"container\" data-e-type=\"container\">\n\t\t<div class=\"elementor-element elementor-element-77584b5d e-con-full e-flex e-con e-child\" data-id=\"77584b5d\" data-element_type=\"container\" data-e-type=\"container\">\n\t\t\t\t<div class=\"elementor-element elementor-element-42063410 elementor-invisible elementor-widget elementor-widget-heading\" data-id=\"42063410\" data-element_type=\"widget\" data-e-type=\"widget\" data-settings=\"{&quot;_animation&quot;:&quot;fadeIn&quot;}\" data-widget_type=\"heading.default\">\n\t\t\t\t\t<h1 class=\"elementor-heading-title elementor-size-default\">moje magiczne miejsce<\/h1>\t\t\t\t<\/div>\n\t\t\t\t<div class=\"elementor-element elementor-element-4876463 elementor-widget__width-initial elementor-widget-mobile__width-inherit elementor-invisible elementor-widget elementor-widget-text-editor\" data-id=\"4876463\" data-element_type=\"widget\" data-e-type=\"widget\" data-settings=\"{&quot;_animation&quot;:&quot;fadeIn&quot;,&quot;_animation_delay&quot;:&quot;200&quot;}\" data-widget_type=\"text-editor.default\">\n\t\t\t\t\t\t\t\t\t<p>&#8230;<\/p>\t\t\t\t\t\t\t\t<\/div>\n\t\t\t\t<\/div>\n\t\t\t\t<div class=\"elementor-element elementor-element-58fa8a38 gallery-spacing-custom elementor-widget__width-inherit elementor-widget elementor-widget-image-gallery\" data-id=\"58fa8a38\" data-element_type=\"widget\" data-e-type=\"widget\" data-widget_type=\"image-gallery.default\">\n\t\t\t\t\t\t\t<div class=\"elementor-image-gallery\">\n\t\t\t<div id='gallery-1' class='gallery galleryid-317 gallery-columns-3 gallery-size-full'><figure class='gallery-item'>\n\t\t\t<div class='gallery-icon landscape'>\n\t\t\t\t<a data-elementor-open-lightbox=\"yes\" data-elementor-lightbox-slideshow=\"58fa8a38\" data-elementor-lightbox-title=\"487441527_1142206177917872_5413152488054228465_n\" data-e-action-hash=\"#elementor-action%3Aaction%3Dlightbox%26settings%3DeyJpZCI6NDcyLCJ1cmwiOiJodHRwczpcL1wvd3d3LmRvbW93ZWZvdG9zdHVkaW8ucGxcL3dwLWNvbnRlbnRcL3VwbG9hZHNcLzIwMjZcLzA0XC80ODc0NDE1MjdfMTE0MjIwNjE3NzkxNzg3Ml81NDEzMTUyNDg4MDU0MjI4NDY1X24uanBnIiwic2xpZGVzaG93IjoiNThmYThhMzgifQ%3D%3D\" href='https:\/\/www.domowefotostudio.pl\/wp-content\/uploads\/2026\/04\/487441527_1142206177917872_5413152488054228465_n.jpg'><img fetchpriority=\"high\" decoding=\"async\" width=\"2048\" height=\"1365\" src=\"https:\/\/www.domowefotostudio.pl\/wp-content\/uploads\/2026\/04\/487441527_1142206177917872_5413152488054228465_n.jpg\" class=\"attachment-full size-full\" alt=\"\" srcset=\"https:\/\/www.domowefotostudio.pl\/wp-content\/uploads\/2026\/04\/487441527_1142206177917872_5413152488054228465_n.jpg 2048w, https:\/\/www.domowefotostudio.pl\/wp-content\/uploads\/2026\/04\/487441527_1142206177917872_5413152488054228465_n-300x200.jpg 300w, https:\/\/www.domowefotostudio.pl\/wp-content\/uploads\/2026\/04\/487441527_1142206177917872_5413152488054228465_n-1024x683.jpg 1024w, https:\/\/www.domowefotostudio.pl\/wp-content\/uploads\/2026\/04\/487441527_1142206177917872_5413152488054228465_n-768x512.jpg 768w, https:\/\/www.domowefotostudio.pl\/wp-content\/uploads\/2026\/04\/487441527_1142206177917872_5413152488054228465_n-1536x1024.jpg 1536w\" sizes=\"(max-width: 2048px) 100vw, 2048px\" \/><\/a>\n\t\t\t<\/div><\/figure><figure class='gallery-item'>\n\t\t\t<div class='gallery-icon landscape'>\n\t\t\t\t<a data-elementor-open-lightbox=\"yes\" data-elementor-lightbox-slideshow=\"58fa8a38\" data-elementor-lightbox-title=\"487499907_1142206167917873_2564925154250921510_n\" data-e-action-hash=\"#elementor-action%3Aaction%3Dlightbox%26settings%3DeyJpZCI6NDcwLCJ1cmwiOiJodHRwczpcL1wvd3d3LmRvbW93ZWZvdG9zdHVkaW8ucGxcL3dwLWNvbnRlbnRcL3VwbG9hZHNcLzIwMjZcLzA0XC80ODc0OTk5MDdfMTE0MjIwNjE2NzkxNzg3M18yNTY0OTI1MTU0MjUwOTIxNTEwX24uanBnIiwic2xpZGVzaG93IjoiNThmYThhMzgifQ%3D%3D\" href='https:\/\/www.domowefotostudio.pl\/wp-content\/uploads\/2026\/04\/487499907_1142206167917873_2564925154250921510_n.jpg'><img decoding=\"async\" width=\"2048\" height=\"1365\" src=\"https:\/\/www.domowefotostudio.pl\/wp-content\/uploads\/2026\/04\/487499907_1142206167917873_2564925154250921510_n.jpg\" class=\"attachment-full size-full\" alt=\"\" srcset=\"https:\/\/www.domowefotostudio.pl\/wp-content\/uploads\/2026\/04\/487499907_1142206167917873_2564925154250921510_n.jpg 2048w, https:\/\/www.domowefotostudio.pl\/wp-content\/uploads\/2026\/04\/487499907_1142206167917873_2564925154250921510_n-300x200.jpg 300w, https:\/\/www.domowefotostudio.pl\/wp-content\/uploads\/2026\/04\/487499907_1142206167917873_2564925154250921510_n-1024x683.jpg 1024w, https:\/\/www.domowefotostudio.pl\/wp-content\/uploads\/2026\/04\/487499907_1142206167917873_2564925154250921510_n-768x512.jpg 768w, https:\/\/www.domowefotostudio.pl\/wp-content\/uploads\/2026\/04\/487499907_1142206167917873_2564925154250921510_n-1536x1024.jpg 1536w\" sizes=\"(max-width: 2048px) 100vw, 2048px\" \/><\/a>\n\t\t\t<\/div><\/figure><figure class='gallery-item'>\n\t\t\t<div class='gallery-icon portrait'>\n\t\t\t\t<a data-elementor-open-lightbox=\"yes\" data-elementor-lightbox-slideshow=\"58fa8a38\" data-elementor-lightbox-title=\"Zrzut ekranu 2026-04-23 o 15.33.43\" data-e-action-hash=\"#elementor-action%3Aaction%3Dlightbox%26settings%3DeyJpZCI6NDE2LCJ1cmwiOiJodHRwczpcL1wvd3d3LmRvbW93ZWZvdG9zdHVkaW8ucGxcL3dwLWNvbnRlbnRcL3VwbG9hZHNcLzIwMjZcLzA0XC9acnp1dC1la3JhbnUtMjAyNi0wNC0yMy1vLTE1LjMzLjQzLnBuZyIsInNsaWRlc2hvdyI6IjU4ZmE4YTM4In0%3D\" href='https:\/\/www.domowefotostudio.pl\/wp-content\/uploads\/2026\/04\/Zrzut-ekranu-2026-04-23-o-15.33.43.png'><img decoding=\"async\" width=\"976\" height=\"1472\" src=\"https:\/\/www.domowefotostudio.pl\/wp-content\/uploads\/2026\/04\/Zrzut-ekranu-2026-04-23-o-15.33.43.png\" class=\"attachment-full size-full\" alt=\"\" srcset=\"https:\/\/www.domowefotostudio.pl\/wp-content\/uploads\/2026\/04\/Zrzut-ekranu-2026-04-23-o-15.33.43.png 976w, https:\/\/www.domowefotostudio.pl\/wp-content\/uploads\/2026\/04\/Zrzut-ekranu-2026-04-23-o-15.33.43-199x300.png 199w, https:\/\/www.domowefotostudio.pl\/wp-content\/uploads\/2026\/04\/Zrzut-ekranu-2026-04-23-o-15.33.43-679x1024.png 679w, https:\/\/www.domowefotostudio.pl\/wp-content\/uploads\/2026\/04\/Zrzut-ekranu-2026-04-23-o-15.33.43-768x1158.png 768w\" sizes=\"(max-width: 976px) 100vw, 976px\" \/><\/a>\n\t\t\t<\/div><\/figure><figure class='gallery-item'>\n\t\t\t<div class='gallery-icon portrait'>\n\t\t\t\t<a data-elementor-open-lightbox=\"yes\" data-elementor-lightbox-slideshow=\"58fa8a38\" data-elementor-lightbox-title=\"EwelinaDudek_Sesja wizerunkowa_012023_internet (60 of 142)\" data-e-action-hash=\"#elementor-action%3Aaction%3Dlightbox%26settings%3DeyJpZCI6NTAyLCJ1cmwiOiJodHRwczpcL1wvd3d3LmRvbW93ZWZvdG9zdHVkaW8ucGxcL3dwLWNvbnRlbnRcL3VwbG9hZHNcLzIwMjZcLzA0XC9Fd2VsaW5hRHVkZWtfU2VzamEtd2l6ZXJ1bmtvd2FfMDEyMDIzX2ludGVybmV0LTYwLW9mLTE0Mi5qcGciLCJzbGlkZXNob3ciOiI1OGZhOGEzOCJ9\" href='https:\/\/www.domowefotostudio.pl\/wp-content\/uploads\/2026\/04\/EwelinaDudek_Sesja-wizerunkowa_012023_internet-60-of-142.jpg'><img loading=\"lazy\" decoding=\"async\" width=\"1365\" height=\"2048\" src=\"https:\/\/www.domowefotostudio.pl\/wp-content\/uploads\/2026\/04\/EwelinaDudek_Sesja-wizerunkowa_012023_internet-60-of-142.jpg\" class=\"attachment-full size-full\" alt=\"\" srcset=\"https:\/\/www.domowefotostudio.pl\/wp-content\/uploads\/2026\/04\/EwelinaDudek_Sesja-wizerunkowa_012023_internet-60-of-142.jpg 1365w, https:\/\/www.domowefotostudio.pl\/wp-content\/uploads\/2026\/04\/EwelinaDudek_Sesja-wizerunkowa_012023_internet-60-of-142-200x300.jpg 200w, https:\/\/www.domowefotostudio.pl\/wp-content\/uploads\/2026\/04\/EwelinaDudek_Sesja-wizerunkowa_012023_internet-60-of-142-683x1024.jpg 683w, https:\/\/www.domowefotostudio.pl\/wp-content\/uploads\/2026\/04\/EwelinaDudek_Sesja-wizerunkowa_012023_internet-60-of-142-768x1152.jpg 768w, https:\/\/www.domowefotostudio.pl\/wp-content\/uploads\/2026\/04\/EwelinaDudek_Sesja-wizerunkowa_012023_internet-60-of-142-1024x1536.jpg 1024w\" sizes=\"(max-width: 1365px) 100vw, 1365px\" \/><\/a>\n\t\t\t<\/div><\/figure><figure class='gallery-item'>\n\t\t\t<div class='gallery-icon portrait'>\n\t\t\t\t<a data-elementor-open-lightbox=\"yes\" data-elementor-lightbox-slideshow=\"58fa8a38\" data-elementor-lightbox-title=\"IMG_3797\" data-e-action-hash=\"#elementor-action%3Aaction%3Dlightbox%26settings%3DeyJpZCI6NDA4LCJ1cmwiOiJodHRwczpcL1wvd3d3LmRvbW93ZWZvdG9zdHVkaW8ucGxcL3dwLWNvbnRlbnRcL3VwbG9hZHNcLzIwMjZcLzA0XC9JTUdfMzc5Ny5qcGciLCJzbGlkZXNob3ciOiI1OGZhOGEzOCJ9\" href='https:\/\/www.domowefotostudio.pl\/wp-content\/uploads\/2026\/04\/IMG_3797.jpg'><img loading=\"lazy\" decoding=\"async\" width=\"1440\" height=\"1800\" src=\"https:\/\/www.domowefotostudio.pl\/wp-content\/uploads\/2026\/04\/IMG_3797.jpg\" class=\"attachment-full size-full\" alt=\"\" srcset=\"https:\/\/www.domowefotostudio.pl\/wp-content\/uploads\/2026\/04\/IMG_3797.jpg 1440w, https:\/\/www.domowefotostudio.pl\/wp-content\/uploads\/2026\/04\/IMG_3797-240x300.jpg 240w, https:\/\/www.domowefotostudio.pl\/wp-content\/uploads\/2026\/04\/IMG_3797-819x1024.jpg 819w, https:\/\/www.domowefotostudio.pl\/wp-content\/uploads\/2026\/04\/IMG_3797-768x960.jpg 768w, https:\/\/www.domowefotostudio.pl\/wp-content\/uploads\/2026\/04\/IMG_3797-1229x1536.jpg 1229w\" sizes=\"(max-width: 1440px) 100vw, 1440px\" \/><\/a>\n\t\t\t<\/div><\/figure><figure class='gallery-item'>\n\t\t\t<div class='gallery-icon portrait'>\n\t\t\t\t<a data-elementor-open-lightbox=\"yes\" data-elementor-lightbox-slideshow=\"58fa8a38\" data-elementor-lightbox-title=\"IMG_3799\" data-e-action-hash=\"#elementor-action%3Aaction%3Dlightbox%26settings%3DeyJpZCI6NDA2LCJ1cmwiOiJodHRwczpcL1wvd3d3LmRvbW93ZWZvdG9zdHVkaW8ucGxcL3dwLWNvbnRlbnRcL3VwbG9hZHNcLzIwMjZcLzA0XC9JTUdfMzc5OS5qcGciLCJzbGlkZXNob3ciOiI1OGZhOGEzOCJ9\" href='https:\/\/www.domowefotostudio.pl\/wp-content\/uploads\/2026\/04\/IMG_3799.jpg'><img loading=\"lazy\" decoding=\"async\" width=\"1440\" height=\"1800\" src=\"https:\/\/www.domowefotostudio.pl\/wp-content\/uploads\/2026\/04\/IMG_3799.jpg\" class=\"attachment-full size-full\" alt=\"\" srcset=\"https:\/\/www.domowefotostudio.pl\/wp-content\/uploads\/2026\/04\/IMG_3799.jpg 1440w, https:\/\/www.domowefotostudio.pl\/wp-content\/uploads\/2026\/04\/IMG_3799-240x300.jpg 240w, https:\/\/www.domowefotostudio.pl\/wp-content\/uploads\/2026\/04\/IMG_3799-819x1024.jpg 819w, https:\/\/www.domowefotostudio.pl\/wp-content\/uploads\/2026\/04\/IMG_3799-768x960.jpg 768w, https:\/\/www.domowefotostudio.pl\/wp-content\/uploads\/2026\/04\/IMG_3799-1229x1536.jpg 1229w\" sizes=\"(max-width: 1440px) 100vw, 1440px\" \/><\/a>\n\t\t\t<\/div><\/figure><figure class='gallery-item'>\n\t\t\t<div class='gallery-icon portrait'>\n\t\t\t\t<a data-elementor-open-lightbox=\"yes\" data-elementor-lightbox-slideshow=\"58fa8a38\" data-elementor-lightbox-title=\"IMG_3800\" data-e-action-hash=\"#elementor-action%3Aaction%3Dlightbox%26settings%3DeyJpZCI6NDA1LCJ1cmwiOiJodHRwczpcL1wvd3d3LmRvbW93ZWZvdG9zdHVkaW8ucGxcL3dwLWNvbnRlbnRcL3VwbG9hZHNcLzIwMjZcLzA0XC9JTUdfMzgwMC5qcGciLCJzbGlkZXNob3ciOiI1OGZhOGEzOCJ9\" href='https:\/\/www.domowefotostudio.pl\/wp-content\/uploads\/2026\/04\/IMG_3800.jpg'><img loading=\"lazy\" decoding=\"async\" width=\"1440\" height=\"1800\" src=\"https:\/\/www.domowefotostudio.pl\/wp-content\/uploads\/2026\/04\/IMG_3800.jpg\" class=\"attachment-full size-full\" alt=\"\" srcset=\"https:\/\/www.domowefotostudio.pl\/wp-content\/uploads\/2026\/04\/IMG_3800.jpg 1440w, https:\/\/www.domowefotostudio.pl\/wp-content\/uploads\/2026\/04\/IMG_3800-240x300.jpg 240w, https:\/\/www.domowefotostudio.pl\/wp-content\/uploads\/2026\/04\/IMG_3800-819x1024.jpg 819w, https:\/\/www.domowefotostudio.pl\/wp-content\/uploads\/2026\/04\/IMG_3800-768x960.jpg 768w, https:\/\/www.domowefotostudio.pl\/wp-content\/uploads\/2026\/04\/IMG_3800-1229x1536.jpg 1229w\" sizes=\"(max-width: 1440px) 100vw, 1440px\" \/><\/a>\n\t\t\t<\/div><\/figure>\n\t\t<\/div>\n\t\t<\/div>\n\t\t\t\t\t\t<\/div>\n\t\t\t\t<\/div>\n\t\t\t\t\t<\/div>\n\t\t\t\t<\/div>\n\t\t<div class=\"elementor-element elementor-element-77d616d2 e-con-full e-flex e-con e-parent\" data-id=\"77d616d2\" data-element_type=\"container\" data-e-type=\"container\" data-settings=\"{&quot;background_background&quot;:&quot;classic&quot;}\">\n\t\t<div class=\"elementor-element elementor-element-72639817 e-con-full e-flex e-con e-child\" data-id=\"72639817\" data-element_type=\"container\" data-e-type=\"container\">\n\t\t\t\t<div class=\"elementor-element elementor-element-59666390 elementor-invisible elementor-widget elementor-widget-heading\" data-id=\"59666390\" data-element_type=\"widget\" data-e-type=\"widget\" data-settings=\"{&quot;_animation&quot;:&quot;fadeIn&quot;}\" data-widget_type=\"heading.default\">\n\t\t\t\t\t<h2 class=\"elementor-heading-title elementor-size-default\"><div data-id=\"66b8a3d3\" data-element_type=\"widget\" data-e-type=\"widget\" data-settings=\"{&quot;_animation&quot;:&quot;fadeIn&quot;}\" data-widget_type=\"heading.default\" style=\"gap: var(--row-gap) var(--column-gap);max-width: 100%\"><span style=\"text-decoration: none\">NAPISZ DO MNIE<\/span><span style=\"font-family: var( --e-global-typography-primary-font-family ), Sans-serif;font-size: var( --e-global-typography-primary-font-size );font-style: var( --e-global-typography-primary-font-style );letter-spacing: var( --e-global-typography-primary-letter-spacing );text-transform: var( --e-global-typography-primary-text-transform )\"><\/span><\/div><\/h2>\t\t\t\t<\/div>\n\t\t\t\t<div class=\"elementor-element elementor-element-7441490f elementor-widget__width-initial elementor-widget-mobile__width-inherit elementor-widget elementor-widget-text-editor\" data-id=\"7441490f\" data-element_type=\"widget\" data-e-type=\"widget\" data-widget_type=\"text-editor.default\">\n\t\t\t\t\t\t\t\t\t<div class=\"elementor-element elementor-element-36ae0201 elementor-widget__width-initial elementor-widget-mobile__width-inherit elementor-widget elementor-widget-text-editor\" data-id=\"36ae0201\" data-element_type=\"widget\" data-e-type=\"widget\" data-widget_type=\"text-editor.default\"><p>Je\u017celi masz jakiekolwiek pytania dotycz\u0105ce studia, dost\u0119pno\u015bci, wyposa\u017cenia czy oferty wynajmu zapraszam do kontaktu.<\/p><p>Do zobaczenia w Domowym Foto Studiu<\/p><\/div><div class=\"elementor-element elementor-element-4765d344 elementor-align-center elementor-widget elementor-widget-button\" data-id=\"4765d344\" data-element_type=\"widget\" data-e-type=\"widget\" data-widget_type=\"button.default\">\u00a0<\/div>\t\t\t\t\t\t\t\t<\/div>\n\t\t\t\t<div class=\"elementor-element elementor-element-55708bc5 elementor-align-center elementor-widget elementor-widget-button\" data-id=\"55708bc5\" data-element_type=\"widget\" data-e-type=\"widget\" data-widget_type=\"button.default\">\n\t\t\t\t\t\t\t\t\t\t<a class=\"elementor-button elementor-button-link elementor-size-sm elementor-animation-hang\" href=\"https:\/\/www.domowefotostudio.pl\/index.php\/contact\/\">\n\t\t\t\t\t\t<span class=\"elementor-button-content-wrapper\">\n\t\t\t\t\t\t\t\t\t<span class=\"elementor-button-text\">...<\/span>\n\t\t\t\t\t<\/span>\n\t\t\t\t\t<\/a>\n\t\t\t\t\t\t\t\t<\/div>\n\t\t\t\t<\/div>\n\t\t<div class=\"elementor-element elementor-element-349c33b7 e-con-full e-flex e-con e-child\" data-id=\"349c33b7\" data-element_type=\"container\" data-e-type=\"container\" data-settings=\"{&quot;background_background&quot;:&quot;classic&quot;}\">\n\t\t\t\t<\/div>\n\t\t\t\t<\/div>\n\t\t\t\t<\/div>\n\t\t","protected":false},"excerpt":{"rendered":"<p>moje magiczne miejsce &#8230; NAPISZ DO MNIE Je\u017celi masz jakiekolwiek pytania dotycz\u0105ce studia, dost\u0119pno\u015bci, wyposa\u017cenia czy oferty wynajmu zapraszam do kontaktu. Do zobaczenia w Domowym Foto Studiu \u00a0 &#8230;<\/p>\n","protected":false},"author":1,"featured_media":328,"parent":0,"menu_order":0,"comment_status":"closed","ping_status":"closed","template":"","meta":{"footnotes":""},"class_list":["post-317","page","type-page","status-publish","has-post-thumbnail","hentry"],"_links":{"self":[{"href":"https:\/\/www.domowefotostudio.pl\/index.php\/wp-json\/wp\/v2\/pages\/317","targetHints":{"allow":["GET"]}}],"collection":[{"href":"https:\/\/www.domowefotostudio.pl\/index.php\/wp-json\/wp\/v2\/pages"}],"about":[{"href":"https:\/\/www.domowefotostudio.pl\/index.php\/wp-json\/wp\/v2\/types\/page"}],"author":[{"embeddable":true,"href":"https:\/\/www.domowefotostudio.pl\/index.php\/wp-json\/wp\/v2\/users\/1"}],"replies":[{"embeddable":true,"href":"https:\/\/www.domowefotostudio.pl\/index.php\/wp-json\/wp\/v2\/comments?post=317"}],"version-history":[{"count":22,"href":"https:\/\/www.domowefotostudio.pl\/index.php\/wp-json\/wp\/v2\/pages\/317\/revisions"}],"predecessor-version":[{"id":529,"href":"https:\/\/www.domowefotostudio.pl\/index.php\/wp-json\/wp\/v2\/pages\/317\/revisions\/529"}],"wp:featuredmedia":[{"embeddable":true,"href":"https:\/\/www.domowefotostudio.pl\/index.php\/wp-json\/wp\/v2\/media\/328"}],"wp:attachment":[{"href":"https:\/\/www.domowefotostudio.pl\/index.php\/wp-json\/wp\/v2\/media?parent=317"}],"curies":[{"name":"wp","href":"https:\/\/api.w.org\/{rel}","templated":true}]}}