{"id":357,"date":"2026-04-23T14:54:40","date_gmt":"2026-04-23T12:54:40","guid":{"rendered":"https:\/\/www.domowefotostudio.pl\/index.php\/contact\/"},"modified":"2026-04-23T18:12:49","modified_gmt":"2026-04-23T16:12:49","slug":"contact","status":"publish","type":"page","link":"https:\/\/www.domowefotostudio.pl\/index.php\/contact\/","title":{"rendered":"Contact"},"content":{"rendered":"\t\t<div data-elementor-type=\"wp-page\" data-elementor-id=\"357\" class=\"elementor elementor-357\" data-elementor-post-type=\"page\">\n\t\t\t\t<div class=\"elementor-element elementor-element-67e72adc e-con-full e-flex e-con e-parent\" data-id=\"67e72adc\" data-element_type=\"container\" data-e-type=\"container\" data-settings=\"{&quot;background_background&quot;:&quot;classic&quot;}\">\n\t\t<div class=\"elementor-element elementor-element-70e2a810 e-con-full e-flex e-con e-child\" data-id=\"70e2a810\" data-element_type=\"container\" data-e-type=\"container\" data-settings=\"{&quot;background_background&quot;:&quot;classic&quot;}\">\n\t\t\t\t<div class=\"elementor-element elementor-element-1374b3a8 elementor-invisible elementor-widget elementor-widget-heading\" data-id=\"1374b3a8\" data-element_type=\"widget\" data-e-type=\"widget\" data-settings=\"{&quot;_animation&quot;:&quot;fadeIn&quot;}\" data-widget_type=\"heading.default\">\n\t\t\t\t\t<h1 class=\"elementor-heading-title elementor-size-default\">Napisz do mnie<\/h1>\t\t\t\t<\/div>\n\t\t<div class=\"elementor-element elementor-element-6c868c90 e-con-full e-flex e-con e-child\" data-id=\"6c868c90\" data-element_type=\"container\" data-e-type=\"container\">\n\t\t\t\t<div class=\"elementor-element elementor-element-65af77ff elementor-invisible elementor-widget elementor-widget-text-editor\" data-id=\"65af77ff\" data-element_type=\"widget\" data-e-type=\"widget\" data-settings=\"{&quot;_animation&quot;:&quot;fadeIn&quot;,&quot;_animation_delay&quot;:&quot;200&quot;}\" data-widget_type=\"text-editor.default\">\n\t\t\t\t\t\t\t\t\t<p>Je\u017celi podoba Ci si\u0119 moja przestrze\u0144 i chcia\u0142by\u015b tu popracowa\u0107 &#8211; napisz do mnie<\/p>\t\t\t\t\t\t\t\t<\/div>\n\t\t\t\t<div class=\"elementor-element elementor-element-521d6c0b elementor-widget-divider--view-line elementor-invisible elementor-widget elementor-widget-divider\" data-id=\"521d6c0b\" data-element_type=\"widget\" data-e-type=\"widget\" data-settings=\"{&quot;_animation&quot;:&quot;fadeIn&quot;,&quot;_animation_delay&quot;:&quot;200&quot;}\" data-widget_type=\"divider.default\">\n\t\t\t\t\t\t\t<div class=\"elementor-divider\">\n\t\t\t<span class=\"elementor-divider-separator\">\n\t\t\t\t\t\t<\/span>\n\t\t<\/div>\n\t\t\t\t\t\t<\/div>\n\t\t\t\t<div class=\"elementor-element elementor-element-195d6145 elementor-align-start elementor-mobile-align-center elementor-icon-list--layout-traditional elementor-list-item-link-full_width elementor-widget elementor-widget-icon-list\" data-id=\"195d6145\" data-element_type=\"widget\" data-e-type=\"widget\" data-widget_type=\"icon-list.default\">\n\t\t\t\t\t\t\t<ul class=\"elementor-icon-list-items\">\n\t\t\t\t\t\t\t<li class=\"elementor-icon-list-item\">\n\t\t\t\t\t\t\t\t\t\t\t<a href=\"https:\/\/waze.com\/ul?q=2285%20Oak%20Street,%20Old%20Forge,%20New%20York%20&#038;z=10&#038;navigate=yes\">\n\n\t\t\t\t\t\t\t\t\t\t\t<span class=\"elementor-icon-list-text\">ADRES: Osiedle Z\u0142otej Jesieni 6\/90, 31-865 Krak\u00f3w<\/span>\n\t\t\t\t\t\t\t\t\t\t\t<\/a>\n\t\t\t\t\t\t\t\t\t<\/li>\n\t\t\t\t\t\t\t\t<li class=\"elementor-icon-list-item\">\n\t\t\t\t\t\t\t\t\t\t\t<a href=\"mailto:kontakt@domowefotostudio.pl\">\n\n\t\t\t\t\t\t\t\t\t\t\t<span class=\"elementor-icon-list-text\">EMAIL: kontakt@domowefotostudio.pl<\/span>\n\t\t\t\t\t\t\t\t\t\t\t<\/a>\n\t\t\t\t\t\t\t\t\t<\/li>\n\t\t\t\t\t\t<\/ul>\n\t\t\t\t\t\t<\/div>\n\t\t\t\t<\/div>\n\t\t\t\t<\/div>\n\t\t<div class=\"elementor-element elementor-element-73b436f6 e-con-full e-flex e-con e-child\" data-id=\"73b436f6\" data-element_type=\"container\" data-e-type=\"container\" data-settings=\"{&quot;background_background&quot;:&quot;classic&quot;}\">\n\t\t\t\t<div class=\"elementor-element elementor-element-6033269d elementor-button-align-end elementor-mobile-button-align-center elementor-widget elementor-widget-form\" data-id=\"6033269d\" data-element_type=\"widget\" data-e-type=\"widget\" data-settings=\"{&quot;step_next_label&quot;:&quot;Next&quot;,&quot;step_previous_label&quot;:&quot;Previous&quot;,&quot;button_width&quot;:&quot;100&quot;,&quot;step_type&quot;:&quot;number_text&quot;,&quot;step_icon_shape&quot;:&quot;circle&quot;}\" data-widget_type=\"form.default\">\n\t\t\t\t\t\t\t<form class=\"elementor-form\" method=\"post\" name=\"Contact Form\" aria-label=\"Contact Form\">\n\t\t\t<input type=\"hidden\" name=\"post_id\" value=\"357\"\/>\n\t\t\t<input type=\"hidden\" name=\"form_id\" value=\"6033269d\"\/>\n\t\t\t<input type=\"hidden\" name=\"referer_title\" value=\"Contact\" \/>\n\n\t\t\t\t\t\t\t<input type=\"hidden\" name=\"queried_id\" value=\"357\"\/>\n\t\t\t\n\t\t\t<div class=\"elementor-form-fields-wrapper elementor-labels-\">\n\t\t\t\t\t\t\t\t<div class=\"elementor-field-type-text elementor-field-group elementor-column elementor-field-group-name elementor-col-50\">\n\t\t\t\t\t\t\t\t\t\t\t\t<label for=\"form-field-name\" class=\"elementor-field-label elementor-screen-only\">\n\t\t\t\t\t\t\t\tFirst Name*\t\t\t\t\t\t\t<\/label>\n\t\t\t\t\t\t\t\t\t\t\t\t\t\t<input size=\"1\" type=\"text\" name=\"form_fields[name]\" id=\"form-field-name\" class=\"elementor-field elementor-size-sm  elementor-field-textual\" placeholder=\"Imi\u0119\">\n\t\t\t\t\t\t\t\t\t\t\t<\/div>\n\t\t\t\t\t\t\t\t<div class=\"elementor-field-type-text elementor-field-group elementor-column elementor-field-group-field_3bc0f33 elementor-col-50\">\n\t\t\t\t\t\t\t\t\t\t\t\t<label for=\"form-field-field_3bc0f33\" class=\"elementor-field-label elementor-screen-only\">\n\t\t\t\t\t\t\t\tLast Name*\t\t\t\t\t\t\t<\/label>\n\t\t\t\t\t\t\t\t\t\t\t\t\t\t<input size=\"1\" type=\"text\" name=\"form_fields[field_3bc0f33]\" id=\"form-field-field_3bc0f33\" class=\"elementor-field elementor-size-sm  elementor-field-textual\" placeholder=\"Nazwisko\">\n\t\t\t\t\t\t\t\t\t\t\t<\/div>\n\t\t\t\t\t\t\t\t<div class=\"elementor-field-type-tel elementor-field-group elementor-column elementor-field-group-field_1b6cdab elementor-col-50\">\n\t\t\t\t\t\t\t\t\t\t\t\t<label for=\"form-field-field_1b6cdab\" class=\"elementor-field-label elementor-screen-only\">\n\t\t\t\t\t\t\t\tPhone Number*\t\t\t\t\t\t\t<\/label>\n\t\t\t\t\t\t\t\t<input size=\"1\" type=\"tel\" name=\"form_fields[field_1b6cdab]\" id=\"form-field-field_1b6cdab\" class=\"elementor-field elementor-size-sm  elementor-field-textual\" placeholder=\"Numer telefonu\" pattern=\"[0-9()#&amp;+*-=.]+\" title=\"Akceptowane s\u0105 jedynie cyfry i znaki telefoniczne (#,-,*).\">\n\n\t\t\t\t\t\t<\/div>\n\t\t\t\t\t\t\t\t<div class=\"elementor-field-type-email elementor-field-group elementor-column elementor-field-group-email elementor-col-50 elementor-field-required\">\n\t\t\t\t\t\t\t\t\t\t\t\t<label for=\"form-field-email\" class=\"elementor-field-label elementor-screen-only\">\n\t\t\t\t\t\t\t\tEmail Address*\t\t\t\t\t\t\t<\/label>\n\t\t\t\t\t\t\t\t\t\t\t\t\t\t<input size=\"1\" type=\"email\" name=\"form_fields[email]\" id=\"form-field-email\" class=\"elementor-field elementor-size-sm  elementor-field-textual\" placeholder=\"Adres mailowy\" required=\"required\">\n\t\t\t\t\t\t\t\t\t\t\t<\/div>\n\t\t\t\t\t\t\t\t<div class=\"elementor-field-type-textarea elementor-field-group elementor-column elementor-field-group-message elementor-col-100\">\n\t\t\t\t\t\t\t\t\t\t\t\t<label for=\"form-field-message\" class=\"elementor-field-label elementor-screen-only\">\n\t\t\t\t\t\t\t\tMessage\t\t\t\t\t\t\t<\/label>\n\t\t\t\t\t\t<textarea class=\"elementor-field-textual elementor-field  elementor-size-sm\" name=\"form_fields[message]\" id=\"form-field-message\" rows=\"4\" placeholder=\"O co chcesz mnie zapyta\u0107?\"><\/textarea>\t\t\t\t<\/div>\n\t\t\t\t\t\t\t\t<div class=\"elementor-field-group elementor-column elementor-field-type-submit elementor-col-100 e-form__buttons\">\n\t\t\t\t\t<button class=\"elementor-button elementor-size-sm\" type=\"submit\">\n\t\t\t\t\t\t<span class=\"elementor-button-content-wrapper\">\n\t\t\t\t\t\t\t\t\t\t\t\t\t\t\t\t\t\t\t\t\t\t<span class=\"elementor-button-text\">Wy\u015blij \u27f6<\/span>\n\t\t\t\t\t\t\t\t\t\t\t\t\t<\/span>\n\t\t\t\t\t<\/button>\n\t\t\t\t<\/div>\n\t\t\t<\/div>\n\t\t<\/form>\n\t\t\t\t\t\t<\/div>\n\t\t\t\t<\/div>\n\t\t\t\t<\/div>\n\t\t<div class=\"elementor-element elementor-element-249e0f9b e-flex e-con-boxed e-con e-parent\" data-id=\"249e0f9b\" data-element_type=\"container\" data-e-type=\"container\" data-settings=\"{&quot;animation&quot;:&quot;none&quot;}\">\n\t\t\t\t\t<div class=\"e-con-inner\">\n\t\t\t\t<div class=\"elementor-element elementor-element-237fd42d gallery-spacing-custom elementor-widget elementor-widget-image-gallery\" data-id=\"237fd42d\" data-element_type=\"widget\" data-e-type=\"widget\" data-widget_type=\"image-gallery.default\">\n\t\t\t\t\t\t\t<div class=\"elementor-image-gallery\">\n\t\t\t<div id='gallery-1' class='gallery galleryid-357 gallery-columns-3 gallery-size-full'><figure class='gallery-item'>\n\t\t\t<div class='gallery-icon landscape'>\n\t\t\t\t<a data-elementor-open-lightbox=\"yes\" data-elementor-lightbox-slideshow=\"237fd42d\" data-elementor-lightbox-title=\"E.DUDEK_IKONY_INSTA-05\" data-e-action-hash=\"#elementor-action%3Aaction%3Dlightbox%26settings%3DeyJpZCI6MTcxLCJ1cmwiOiJodHRwczpcL1wvd3d3LmRvbW93ZWZvdG9zdHVkaW8ucGxcL3dwLWNvbnRlbnRcL3VwbG9hZHNcLzIwMjVcLzAyXC9FLkRVREVLX0lLT05ZX0lOU1RBLTA1LndlYnAiLCJzbGlkZXNob3ciOiIyMzdmZDQyZCJ9\" href='https:\/\/www.domowefotostudio.pl\/wp-content\/uploads\/2025\/02\/E.DUDEK_IKONY_INSTA-05.webp'><img fetchpriority=\"high\" decoding=\"async\" width=\"618\" height=\"617\" src=\"https:\/\/www.domowefotostudio.pl\/wp-content\/uploads\/2025\/02\/E.DUDEK_IKONY_INSTA-05.webp\" class=\"attachment-full size-full\" alt=\"\" srcset=\"https:\/\/www.domowefotostudio.pl\/wp-content\/uploads\/2025\/02\/E.DUDEK_IKONY_INSTA-05.webp 618w, https:\/\/www.domowefotostudio.pl\/wp-content\/uploads\/2025\/02\/E.DUDEK_IKONY_INSTA-05-300x300.webp 300w, https:\/\/www.domowefotostudio.pl\/wp-content\/uploads\/2025\/02\/E.DUDEK_IKONY_INSTA-05-150x150.webp 150w\" sizes=\"(max-width: 618px) 100vw, 618px\" \/><\/a>\n\t\t\t<\/div><\/figure><figure class='gallery-item'>\n\t\t\t<div class='gallery-icon landscape'>\n\t\t\t\t<a data-elementor-open-lightbox=\"yes\" data-elementor-lightbox-slideshow=\"237fd42d\" data-elementor-lightbox-title=\"E.DUDEK_IKONY_INSTA-04\" data-e-action-hash=\"#elementor-action%3Aaction%3Dlightbox%26settings%3DeyJpZCI6MTcwLCJ1cmwiOiJodHRwczpcL1wvd3d3LmRvbW93ZWZvdG9zdHVkaW8ucGxcL3dwLWNvbnRlbnRcL3VwbG9hZHNcLzIwMjVcLzAyXC9FLkRVREVLX0lLT05ZX0lOU1RBLTA0LndlYnAiLCJzbGlkZXNob3ciOiIyMzdmZDQyZCJ9\" href='https:\/\/www.domowefotostudio.pl\/wp-content\/uploads\/2025\/02\/E.DUDEK_IKONY_INSTA-04.webp'><img decoding=\"async\" width=\"617\" height=\"617\" src=\"https:\/\/www.domowefotostudio.pl\/wp-content\/uploads\/2025\/02\/E.DUDEK_IKONY_INSTA-04.webp\" class=\"attachment-full size-full\" alt=\"\" srcset=\"https:\/\/www.domowefotostudio.pl\/wp-content\/uploads\/2025\/02\/E.DUDEK_IKONY_INSTA-04.webp 617w, https:\/\/www.domowefotostudio.pl\/wp-content\/uploads\/2025\/02\/E.DUDEK_IKONY_INSTA-04-300x300.png 300w, https:\/\/www.domowefotostudio.pl\/wp-content\/uploads\/2025\/02\/E.DUDEK_IKONY_INSTA-04-150x150.png 150w\" sizes=\"(max-width: 617px) 100vw, 617px\" \/><\/a>\n\t\t\t<\/div><\/figure><figure class='gallery-item'>\n\t\t\t<div class='gallery-icon landscape'>\n\t\t\t\t<a data-elementor-open-lightbox=\"yes\" data-elementor-lightbox-slideshow=\"237fd42d\" data-elementor-lightbox-title=\"E.DUDEK_IKONY_INSTA-03\" data-e-action-hash=\"#elementor-action%3Aaction%3Dlightbox%26settings%3DeyJpZCI6MTY5LCJ1cmwiOiJodHRwczpcL1wvd3d3LmRvbW93ZWZvdG9zdHVkaW8ucGxcL3dwLWNvbnRlbnRcL3VwbG9hZHNcLzIwMjVcLzAyXC9FLkRVREVLX0lLT05ZX0lOU1RBLTAzLnBuZyIsInNsaWRlc2hvdyI6IjIzN2ZkNDJkIn0%3D\" href='https:\/\/www.domowefotostudio.pl\/wp-content\/uploads\/2025\/02\/E.DUDEK_IKONY_INSTA-03.png'><img decoding=\"async\" width=\"618\" height=\"617\" src=\"https:\/\/www.domowefotostudio.pl\/wp-content\/uploads\/2025\/02\/E.DUDEK_IKONY_INSTA-03.png\" class=\"attachment-full size-full\" alt=\"\" srcset=\"https:\/\/www.domowefotostudio.pl\/wp-content\/uploads\/2025\/02\/E.DUDEK_IKONY_INSTA-03.png 618w, https:\/\/www.domowefotostudio.pl\/wp-content\/uploads\/2025\/02\/E.DUDEK_IKONY_INSTA-03-300x300.png 300w, https:\/\/www.domowefotostudio.pl\/wp-content\/uploads\/2025\/02\/E.DUDEK_IKONY_INSTA-03-150x150.png 150w\" sizes=\"(max-width: 618px) 100vw, 618px\" \/><\/a>\n\t\t\t<\/div><\/figure>\n\t\t<\/div>\n\t\t<\/div>\n\t\t\t\t\t\t<\/div>\n\t\t\t\t\t<\/div>\n\t\t\t\t<\/div>\n\t\t\t\t<\/div>\n\t\t","protected":false},"excerpt":{"rendered":"<p>Napisz do mnie Je\u017celi podoba Ci si\u0119 moja przestrze\u0144 i chcia\u0142by\u015b tu popracowa\u0107 &#8211; napisz do mnie ADRES: Osiedle Z\u0142otej Jesieni 6\/90, 31-865 Krak\u00f3w EMAIL: kontakt@domowefotostudio.pl<\/p>\n","protected":false},"author":1,"featured_media":363,"parent":0,"menu_order":0,"comment_status":"closed","ping_status":"closed","template":"","meta":{"footnotes":""},"class_list":["post-357","page","type-page","status-publish","has-post-thumbnail","hentry"],"_links":{"self":[{"href":"https:\/\/www.domowefotostudio.pl\/index.php\/wp-json\/wp\/v2\/pages\/357","targetHints":{"allow":["GET"]}}],"collection":[{"href":"https:\/\/www.domowefotostudio.pl\/index.php\/wp-json\/wp\/v2\/pages"}],"about":[{"href":"https:\/\/www.domowefotostudio.pl\/index.php\/wp-json\/wp\/v2\/types\/page"}],"author":[{"embeddable":true,"href":"https:\/\/www.domowefotostudio.pl\/index.php\/wp-json\/wp\/v2\/users\/1"}],"replies":[{"embeddable":true,"href":"https:\/\/www.domowefotostudio.pl\/index.php\/wp-json\/wp\/v2\/comments?post=357"}],"version-history":[{"count":10,"href":"https:\/\/www.domowefotostudio.pl\/index.php\/wp-json\/wp\/v2\/pages\/357\/revisions"}],"predecessor-version":[{"id":523,"href":"https:\/\/www.domowefotostudio.pl\/index.php\/wp-json\/wp\/v2\/pages\/357\/revisions\/523"}],"wp:featuredmedia":[{"embeddable":true,"href":"https:\/\/www.domowefotostudio.pl\/index.php\/wp-json\/wp\/v2\/media\/363"}],"wp:attachment":[{"href":"https:\/\/www.domowefotostudio.pl\/index.php\/wp-json\/wp\/v2\/media?parent=357"}],"curies":[{"name":"wp","href":"https:\/\/api.w.org\/{rel}","templated":true}]}}